{"id":3923,"date":"2025-01-28T13:53:55","date_gmt":"2025-01-28T12:53:55","guid":{"rendered":"https:\/\/ackosice.sk\/?page_id=3923"},"modified":"2025-01-28T13:58:37","modified_gmt":"2025-01-28T12:58:37","slug":"stabilita","status":"publish","type":"page","link":"https:\/\/ackosice.sk\/en\/stabilita\/","title":{"rendered":"Nov\u00fd rok &#8211; stabilita"},"content":{"rendered":"<div data-elementor-type=\"wp-page\" data-elementor-id=\"3923\" class=\"elementor elementor-3923\">\n\t\t\t\t\t\t\t\t\t<section class=\"elementor-section elementor-top-section elementor-element elementor-element-23f2d56 elementor-section-height-min-height elementor-section-boxed elementor-section-height-default elementor-section-items-middle\" data-id=\"23f2d56\" data-element_type=\"section\" data-settings=\"{&quot;background_background&quot;:&quot;classic&quot;}\">\n\t\t\t\t\t\t\t<div class=\"elementor-background-overlay\"><\/div>\n\t\t\t\t\t\t\t<div class=\"elementor-container elementor-column-gap-default\">\n\t\t\t\t\t<div class=\"elementor-column elementor-col-100 elementor-top-column elementor-element elementor-element-b7169ed\" data-id=\"b7169ed\" data-element_type=\"column\">\n\t\t\t<div class=\"elementor-widget-wrap elementor-element-populated\">\n\t\t\t\t\t\t\t\t<section class=\"elementor-section elementor-inner-section elementor-element elementor-element-b636fd0 elementor-section-boxed elementor-section-height-default elementor-section-height-default\" data-id=\"b636fd0\" data-element_type=\"section\">\n\t\t\t\t\t\t<div class=\"elementor-container elementor-column-gap-default\">\n\t\t\t\t\t<div class=\"elementor-column elementor-col-100 elementor-inner-column elementor-element elementor-element-4509dce\" data-id=\"4509dce\" data-element_type=\"column\">\n\t\t\t<div class=\"elementor-widget-wrap elementor-element-populated\">\n\t\t\t\t\t\t\t\t<div class=\"elementor-element elementor-element-3491f4e elementor-widget elementor-widget-heading\" data-id=\"3491f4e\" data-element_type=\"widget\" data-widget_type=\"heading.default\">\n\t\t\t\t<div class=\"elementor-widget-container\">\n\t\t\t<style>\/*! elementor - v3.17.0 - 01-11-2023 *\/\n.elementor-heading-title{padding:0;margin:0;line-height:1}.elementor-widget-heading .elementor-heading-title[class*=elementor-size-]>a{color:inherit;font-size:inherit;line-height:inherit}.elementor-widget-heading .elementor-heading-title.elementor-size-small{font-size:15px}.elementor-widget-heading .elementor-heading-title.elementor-size-medium{font-size:19px}.elementor-widget-heading .elementor-heading-title.elementor-size-large{font-size:29px}.elementor-widget-heading .elementor-heading-title.elementor-size-xl{font-size:39px}.elementor-widget-heading .elementor-heading-title.elementor-size-xxl{font-size:59px}<\/style><h2 class=\"elementor-heading-title elementor-size-default\">Stabilita v roku 2025<\/h2>\t\t<\/div>\n\t\t\t\t<\/div>\n\t\t\t\t\t<\/div>\n\t\t<\/div>\n\t\t\t\t\t\t\t<\/div>\n\t\t<\/section>\n\t\t\t\t<div class=\"elementor-element elementor-element-82cc822 elementor-widget elementor-widget-spacer\" data-id=\"82cc822\" data-element_type=\"widget\" data-widget_type=\"spacer.default\">\n\t\t\t\t<div class=\"elementor-widget-container\">\n\t\t\t<style>\/*! elementor - v3.17.0 - 01-11-2023 *\/\n.elementor-column .elementor-spacer-inner{height:var(--spacer-size)}.e-con{--container-widget-width:100%}.e-con-inner>.elementor-widget-spacer,.e-con>.elementor-widget-spacer{width:var(--container-widget-width,var(--spacer-size));--align-self:var(--container-widget-align-self,initial);--flex-shrink:0}.e-con-inner>.elementor-widget-spacer>.elementor-widget-container,.e-con>.elementor-widget-spacer>.elementor-widget-container{height:100%;width:100%}.e-con-inner>.elementor-widget-spacer>.elementor-widget-container>.elementor-spacer,.e-con>.elementor-widget-spacer>.elementor-widget-container>.elementor-spacer{height:100%}.e-con-inner>.elementor-widget-spacer>.elementor-widget-container>.elementor-spacer>.elementor-spacer-inner,.e-con>.elementor-widget-spacer>.elementor-widget-container>.elementor-spacer>.elementor-spacer-inner{height:var(--container-widget-height,var(--spacer-size))}.e-con-inner>.elementor-widget-spacer.elementor-widget-empty,.e-con>.elementor-widget-spacer.elementor-widget-empty{position:relative;min-height:22px;min-width:22px}.e-con-inner>.elementor-widget-spacer.elementor-widget-empty .elementor-widget-empty-icon,.e-con>.elementor-widget-spacer.elementor-widget-empty .elementor-widget-empty-icon{position:absolute;top:0;bottom:0;left:0;right:0;margin:auto;padding:0;width:22px;height:22px}<\/style>\t\t<div class=\"elementor-spacer\">\n\t\t\t<div class=\"elementor-spacer-inner\"><\/div>\n\t\t<\/div>\n\t\t\t\t<\/div>\n\t\t\t\t<\/div>\n\t\t\t\t\t<\/div>\n\t\t<\/div>\n\t\t\t\t\t\t\t<\/div>\n\t\t<\/section>\n\t\t\t\t<section class=\"elementor-section elementor-top-section elementor-element elementor-element-7d1579b elementor-section-boxed elementor-section-height-default elementor-section-height-default\" data-id=\"7d1579b\" data-element_type=\"section\">\n\t\t\t\t\t\t<div class=\"elementor-container elementor-column-gap-default\">\n\t\t\t\t\t<div class=\"elementor-column elementor-col-100 elementor-top-column elementor-element elementor-element-ccabfa2\" data-id=\"ccabfa2\" data-element_type=\"column\">\n\t\t\t<div class=\"elementor-widget-wrap elementor-element-populated\">\n\t\t\t\t\t\t\t\t<div class=\"elementor-element elementor-element-9a90141 elementor-widget elementor-widget-text-editor\" data-id=\"9a90141\" data-element_type=\"widget\" data-widget_type=\"text-editor.default\">\n\t\t\t\t<div class=\"elementor-widget-container\">\n\t\t\t<style>\/*! elementor - v3.17.0 - 01-11-2023 *\/\n.elementor-widget-text-editor.elementor-drop-cap-view-stacked .elementor-drop-cap{background-color:#69727d;color:#fff}.elementor-widget-text-editor.elementor-drop-cap-view-framed .elementor-drop-cap{color:#69727d;border:3px solid;background-color:transparent}.elementor-widget-text-editor:not(.elementor-drop-cap-view-default) .elementor-drop-cap{margin-top:8px}.elementor-widget-text-editor:not(.elementor-drop-cap-view-default) .elementor-drop-cap-letter{width:1em;height:1em}.elementor-widget-text-editor .elementor-drop-cap{float:left;text-align:center;line-height:1;font-size:50px}.elementor-widget-text-editor .elementor-drop-cap-letter{display:inline-block}<\/style>\t\t\t\t<div dir=\"ltr\" style=\"text-align: left;\"><strong>Dear friends,\u00a0<\/strong><\/div><div dir=\"ltr\" style=\"text-align: center;\">\u00a0<\/div><div dir=\"ltr\" style=\"text-align: left;\">Prin\u00e1\u0161ame V\u00e1m videopozdrav pastora Mira T\u00f3tha, v\u00a0ktorom predstavuje t\u00e9mu Stabilita. T\u00fato t\u00e9mu vn\u00edmalo vedenie zboru AC Ko\u0161ice ako d\u00f4le\u017eit\u00fa na rok 2025.<\/div><div dir=\"ltr\">\u00a0<\/div>\t\t\t\t\t\t<\/div>\n\t\t\t\t<\/div>\n\t\t\t\t\t<\/div>\n\t\t<\/div>\n\t\t\t\t\t\t\t<\/div>\n\t\t<\/section>\n\t\t\t\t<section class=\"elementor-section elementor-top-section elementor-element elementor-element-fc479be elementor-section-boxed elementor-section-height-default elementor-section-height-default\" data-id=\"fc479be\" data-element_type=\"section\">\n\t\t\t\t\t\t<div class=\"elementor-container elementor-column-gap-default\">\n\t\t\t\t\t<div class=\"elementor-column elementor-col-100 elementor-top-column elementor-element elementor-element-7e3758a\" data-id=\"7e3758a\" data-element_type=\"column\">\n\t\t\t<div class=\"elementor-widget-wrap elementor-element-populated\">\n\t\t\t\t\t\t\t\t<div class=\"elementor-element elementor-element-77c4de6 elementor-widget elementor-widget-video\" data-id=\"77c4de6\" data-element_type=\"widget\" data-settings=\"{&quot;youtube_url&quot;:&quot;https:\\\/\\\/www.youtube.com\\\/watch?v=gLdIMKLB35g&quot;,&quot;autoplay&quot;:&quot;yes&quot;,&quot;play_on_mobile&quot;:&quot;yes&quot;,&quot;video_type&quot;:&quot;youtube&quot;,&quot;controls&quot;:&quot;yes&quot;}\" data-widget_type=\"video.default\">\n\t\t\t\t<div class=\"elementor-widget-container\">\n\t\t\t<style>\/*! elementor - v3.17.0 - 01-11-2023 *\/\n.elementor-widget-video .elementor-widget-container{overflow:hidden;transform:translateZ(0)}.elementor-widget-video .elementor-wrapper{aspect-ratio:var(--video-aspect-ratio)}.elementor-widget-video .elementor-wrapper iframe,.elementor-widget-video .elementor-wrapper video{height:100%;width:100%;display:flex;border:none;background-color:#000}@supports not (aspect-ratio:1\/1){.elementor-widget-video .elementor-wrapper{position:relative;overflow:hidden;height:0;padding-bottom:calc(100% \/ var(--video-aspect-ratio))}.elementor-widget-video .elementor-wrapper iframe,.elementor-widget-video .elementor-wrapper video{position:absolute;top:0;right:0;bottom:0;left:0}}.elementor-widget-video .elementor-open-inline .elementor-custom-embed-image-overlay{position:absolute;top:0;right:0;bottom:0;left:0;background-size:cover;background-position:50%}.elementor-widget-video .elementor-custom-embed-image-overlay{cursor:pointer;text-align:center}.elementor-widget-video .elementor-custom-embed-image-overlay:hover .elementor-custom-embed-play i{opacity:1}.elementor-widget-video .elementor-custom-embed-image-overlay img{display:block;width:100%;aspect-ratio:var(--video-aspect-ratio);-o-object-fit:cover;object-fit:cover;-o-object-position:center center;object-position:center center}@supports not (aspect-ratio:1\/1){.elementor-widget-video .elementor-custom-embed-image-overlay{position:relative;overflow:hidden;height:0;padding-bottom:calc(100% \/ var(--video-aspect-ratio))}.elementor-widget-video .elementor-custom-embed-image-overlay img{position:absolute;top:0;right:0;bottom:0;left:0}}.elementor-widget-video .e-hosted-video .elementor-video{-o-object-fit:cover;object-fit:cover}.e-con-inner>.elementor-widget-video,.e-con>.elementor-widget-video{width:var(--container-widget-width);--flex-grow:var(--container-widget-flex-grow)}<\/style>\t\t<div class=\"elementor-wrapper elementor-open-inline\">\n\t\t\t<div class=\"elementor-video\"><\/div>\t\t<\/div>\n\t\t\t\t<\/div>\n\t\t\t\t<\/div>\n\t\t\t\t<div class=\"elementor-element elementor-element-17da525 elementor-widget elementor-widget-text-editor\" data-id=\"17da525\" data-element_type=\"widget\" data-widget_type=\"text-editor.default\">\n\t\t\t\t<div class=\"elementor-widget-container\">\n\t\t\t\t\t\t\t<div dir=\"ltr\" style=\"text-align: left;\"><div>Prajeme V\u00e1m Bo\u017eie po\u017eehnanie v plnosti.\u00a0<\/div><div>\u00a0<\/div><div dir=\"ltr\">Vedenie zboru AC Ko\u0161ice<\/div><\/div>\t\t\t\t\t\t<\/div>\n\t\t\t\t<\/div>\n\t\t\t\t\t<\/div>\n\t\t<\/div>\n\t\t\t\t\t\t\t<\/div>\n\t\t<\/section>\n\t\t\t\t\t\t\t<\/div>","protected":false},"excerpt":{"rendered":"<p>Stabilita v roku 2025 Mil\u00ed priatelia,\u00a0\u00a0Prin\u00e1\u0161ame V\u00e1m videopozdrav pastora Mira T\u00f3tha, v\u00a0ktorom predstavuje t\u00e9mu Stabilita. T\u00fato t\u00e9mu vn\u00edmalo vedenie zboru AC Ko\u0161ice ako d\u00f4le\u017eit\u00fa na rok 2025.\u00a0https:\/\/www.youtube.com\/watch?v=gLdIMKLB35gPrajeme V\u00e1m Bo\u017eie po\u017eehnanie &hellip;<\/p>\n<p class=\"read-more\"> <a class=\"\" href=\"https:\/\/ackosice.sk\/en\/stabilita\/\"> <span class=\"screen-reader-text\">Nov\u00fd rok &#8211; stabilita<\/span> Read More &raquo;<\/a><\/p>","protected":false},"author":2,"featured_media":0,"parent":0,"menu_order":0,"comment_status":"closed","ping_status":"closed","template":"","meta":{"site-sidebar-layout":"no-sidebar","site-content-layout":"page-builder","ast-site-content-layout":"","site-content-style":"default","site-sidebar-style":"default","ast-global-header-display":"","ast-banner-title-visibility":"","ast-main-header-display":"","ast-hfb-above-header-display":"","ast-hfb-below-header-display":"","ast-hfb-mobile-header-display":"","site-post-title":"disabled","ast-breadcrumbs-content":"","ast-featured-img":"disabled","footer-sml-layout":"","theme-transparent-header-meta":"","adv-header-id-meta":"","stick-header-meta":"","header-above-stick-meta":"","header-main-stick-meta":"","header-below-stick-meta":"","astra-migrate-meta-layouts":"","ast-page-background-enabled":"default","ast-page-background-meta":{"desktop":{"background-color":"var(--ast-global-color-4)","background-image":"","background-repeat":"repeat","background-position":"center center","background-size":"auto","background-attachment":"scroll","background-type":"","background-media":"","overlay-type":"","overlay-color":"","overlay-gradient":""},"tablet":{"background-color":"","background-image":"","background-repeat":"repeat","background-position":"center center","background-size":"auto","background-attachment":"scroll","background-type":"","background-media":"","overlay-type":"","overlay-color":"","overlay-gradient":""},"mobile":{"background-color":"","background-image":"","background-repeat":"repeat","background-position":"center center","background-size":"auto","background-attachment":"scroll","background-type":"","background-media":"","overlay-type":"","overlay-color":"","overlay-gradient":""}},"ast-content-background-meta":{"desktop":{"background-color":"var(--ast-global-color-5)","background-image":"","background-repeat":"repeat","background-position":"center center","background-size":"auto","background-attachment":"scroll","background-type":"","background-media":"","overlay-type":"","overlay-color":"","overlay-gradient":""},"tablet":{"background-color":"var(--ast-global-color-5)","background-image":"","background-repeat":"repeat","background-position":"center center","background-size":"auto","background-attachment":"scroll","background-type":"","background-media":"","overlay-type":"","overlay-color":"","overlay-gradient":""},"mobile":{"background-color":"var(--ast-global-color-5)","background-image":"","background-repeat":"repeat","background-position":"center center","background-size":"auto","background-attachment":"scroll","background-type":"","background-media":"","overlay-type":"","overlay-color":"","overlay-gradient":""}},"_themeisle_gutenberg_block_has_review":false,"footnotes":""},"class_list":["post-3923","page","type-page","status-publish","hentry"],"yoast_head":"<!-- This site is optimized with the Yoast SEO plugin v21.5 - https:\/\/yoast.com\/wordpress\/plugins\/seo\/ -->\n<title>Nov\u00fd rok - stabilita - Apo\u0161tolsk\u00e1 cirkev Ko\u0161ice<\/title>\n<meta name=\"robots\" content=\"index, follow, max-snippet:-1, max-image-preview:large, max-video-preview:-1\" \/>\n<link rel=\"canonical\" href=\"https:\/\/ackosice.sk\/en\/stabilita\/\" \/>\n<meta property=\"og:locale\" content=\"en_US\" \/>\n<meta property=\"og:type\" content=\"article\" \/>\n<meta property=\"og:title\" content=\"Nov\u00fd rok - stabilita - Apo\u0161tolsk\u00e1 cirkev Ko\u0161ice\" \/>\n<meta property=\"og:description\" content=\"Stabilita v roku 2025 Mil\u00ed priatelia,\u00a0\u00a0Prin\u00e1\u0161ame V\u00e1m videopozdrav pastora Mira T\u00f3tha, v\u00a0ktorom predstavuje t\u00e9mu Stabilita. T\u00fato t\u00e9mu vn\u00edmalo vedenie zboru AC Ko\u0161ice ako d\u00f4le\u017eit\u00fa na rok 2025.\u00a0https:\/\/www.youtube.com\/watch?v=gLdIMKLB35gPrajeme V\u00e1m Bo\u017eie po\u017eehnanie &hellip; Nov\u00fd rok &#8211; stabilita Read More &raquo;\" \/>\n<meta property=\"og:url\" content=\"https:\/\/ackosice.sk\/en\/stabilita\/\" \/>\n<meta property=\"og:site_name\" content=\"Apo\u0161tolsk\u00e1 cirkev Ko\u0161ice\" \/>\n<meta property=\"article:publisher\" content=\"https:\/\/www.facebook.com\/profile.php?id=100068802343798\" \/>\n<meta property=\"article:modified_time\" content=\"2025-01-28T12:58:37+00:00\" \/>\n<meta name=\"twitter:card\" content=\"summary_large_image\" \/>\n<meta name=\"twitter:label1\" content=\"Est. reading time\" \/>\n\t<meta name=\"twitter:data1\" content=\"1 minute\" \/>\n<script type=\"application\/ld+json\" class=\"yoast-schema-graph\">{\"@context\":\"https:\/\/schema.org\",\"@graph\":[{\"@type\":\"WebPage\",\"@id\":\"https:\/\/ackosice.sk\/stabilita\/\",\"url\":\"https:\/\/ackosice.sk\/stabilita\/\",\"name\":\"Nov\u00fd rok - stabilita - Apo\u0161tolsk\u00e1 cirkev Ko\u0161ice\",\"isPartOf\":{\"@id\":\"https:\/\/ackosice.sk\/#website\"},\"datePublished\":\"2025-01-28T12:53:55+00:00\",\"dateModified\":\"2025-01-28T12:58:37+00:00\",\"breadcrumb\":{\"@id\":\"https:\/\/ackosice.sk\/stabilita\/#breadcrumb\"},\"inLanguage\":\"en-US\",\"potentialAction\":[{\"@type\":\"ReadAction\",\"target\":[\"https:\/\/ackosice.sk\/stabilita\/\"]}]},{\"@type\":\"BreadcrumbList\",\"@id\":\"https:\/\/ackosice.sk\/stabilita\/#breadcrumb\",\"itemListElement\":[{\"@type\":\"ListItem\",\"position\":1,\"name\":\"Home\",\"item\":\"https:\/\/ackosice.sk\/\"},{\"@type\":\"ListItem\",\"position\":2,\"name\":\"Nov\u00fd rok &#8211; stabilita\"}]},{\"@type\":\"WebSite\",\"@id\":\"https:\/\/ackosice.sk\/#website\",\"url\":\"https:\/\/ackosice.sk\/\",\"name\":\"Apo\u0161tolsk\u00e1 cirkev Ko\u0161ice\",\"description\":\"Milujeme Boha, milujeme \u013eud\u00ed a milujeme \u017eivot.\",\"publisher\":{\"@id\":\"https:\/\/ackosice.sk\/#organization\"},\"potentialAction\":[{\"@type\":\"SearchAction\",\"target\":{\"@type\":\"EntryPoint\",\"urlTemplate\":\"https:\/\/ackosice.sk\/?s={search_term_string}\"},\"query-input\":\"required name=search_term_string\"}],\"inLanguage\":\"en-US\"},{\"@type\":\"Organization\",\"@id\":\"https:\/\/ackosice.sk\/#organization\",\"name\":\"Apo\u0161tolsk\u00e1 cirkev Ko\u0161ice\",\"url\":\"https:\/\/ackosice.sk\/\",\"logo\":{\"@type\":\"ImageObject\",\"inLanguage\":\"en-US\",\"@id\":\"https:\/\/ackosice.sk\/#\/schema\/logo\/image\/\",\"url\":\"https:\/\/ackosice.sk\/wp-content\/uploads\/2023\/09\/cropped-nove-logo-FIN-biele.png\",\"contentUrl\":\"https:\/\/ackosice.sk\/wp-content\/uploads\/2023\/09\/cropped-nove-logo-FIN-biele.png\",\"width\":500,\"height\":166,\"caption\":\"Apo\u0161tolsk\u00e1 cirkev Ko\u0161ice\"},\"image\":{\"@id\":\"https:\/\/ackosice.sk\/#\/schema\/logo\/image\/\"},\"sameAs\":[\"https:\/\/www.facebook.com\/profile.php?id=100068802343798\",\"https:\/\/www.instagram.com\/ackosice\",\"https:\/\/www.youtube.com\/@apostolskacirkevkosice9429?themeRefresh=1\"]}]}<\/script>\n<!-- \/ Yoast SEO plugin. -->","yoast_head_json":{"title":"Nov\u00fd rok - stabilita - Apo\u0161tolsk\u00e1 cirkev Ko\u0161ice","robots":{"index":"index","follow":"follow","max-snippet":"max-snippet:-1","max-image-preview":"max-image-preview:large","max-video-preview":"max-video-preview:-1"},"canonical":"https:\/\/ackosice.sk\/en\/stabilita\/","og_locale":"en_US","og_type":"article","og_title":"Nov\u00fd rok - stabilita - Apo\u0161tolsk\u00e1 cirkev Ko\u0161ice","og_description":"Stabilita v roku 2025 Mil\u00ed priatelia,\u00a0\u00a0Prin\u00e1\u0161ame V\u00e1m videopozdrav pastora Mira T\u00f3tha, v\u00a0ktorom predstavuje t\u00e9mu Stabilita. T\u00fato t\u00e9mu vn\u00edmalo vedenie zboru AC Ko\u0161ice ako d\u00f4le\u017eit\u00fa na rok 2025.\u00a0https:\/\/www.youtube.com\/watch?v=gLdIMKLB35gPrajeme V\u00e1m Bo\u017eie po\u017eehnanie &hellip; Nov\u00fd rok &#8211; stabilita Read More &raquo;","og_url":"https:\/\/ackosice.sk\/en\/stabilita\/","og_site_name":"Apo\u0161tolsk\u00e1 cirkev Ko\u0161ice","article_publisher":"https:\/\/www.facebook.com\/profile.php?id=100068802343798","article_modified_time":"2025-01-28T12:58:37+00:00","twitter_card":"summary_large_image","twitter_misc":{"Est. reading time":"1 minute"},"schema":{"@context":"https:\/\/schema.org","@graph":[{"@type":"WebPage","@id":"https:\/\/ackosice.sk\/stabilita\/","url":"https:\/\/ackosice.sk\/stabilita\/","name":"Nov\u00fd rok - stabilita - Apo\u0161tolsk\u00e1 cirkev Ko\u0161ice","isPartOf":{"@id":"https:\/\/ackosice.sk\/#website"},"datePublished":"2025-01-28T12:53:55+00:00","dateModified":"2025-01-28T12:58:37+00:00","breadcrumb":{"@id":"https:\/\/ackosice.sk\/stabilita\/#breadcrumb"},"inLanguage":"en-US","potentialAction":[{"@type":"ReadAction","target":["https:\/\/ackosice.sk\/stabilita\/"]}]},{"@type":"BreadcrumbList","@id":"https:\/\/ackosice.sk\/stabilita\/#breadcrumb","itemListElement":[{"@type":"ListItem","position":1,"name":"Home","item":"https:\/\/ackosice.sk\/"},{"@type":"ListItem","position":2,"name":"Nov\u00fd rok &#8211; stabilita"}]},{"@type":"WebSite","@id":"https:\/\/ackosice.sk\/#website","url":"https:\/\/ackosice.sk\/","name":"Apo\u0161tolsk\u00e1 cirkev Ko\u0161ice","description":"Milujeme Boha, milujeme \u013eud\u00ed a milujeme \u017eivot.","publisher":{"@id":"https:\/\/ackosice.sk\/#organization"},"potentialAction":[{"@type":"SearchAction","target":{"@type":"EntryPoint","urlTemplate":"https:\/\/ackosice.sk\/?s={search_term_string}"},"query-input":"required name=search_term_string"}],"inLanguage":"en-US"},{"@type":"Organization","@id":"https:\/\/ackosice.sk\/#organization","name":"Apo\u0161tolsk\u00e1 cirkev Ko\u0161ice","url":"https:\/\/ackosice.sk\/","logo":{"@type":"ImageObject","inLanguage":"en-US","@id":"https:\/\/ackosice.sk\/#\/schema\/logo\/image\/","url":"https:\/\/ackosice.sk\/wp-content\/uploads\/2023\/09\/cropped-nove-logo-FIN-biele.png","contentUrl":"https:\/\/ackosice.sk\/wp-content\/uploads\/2023\/09\/cropped-nove-logo-FIN-biele.png","width":500,"height":166,"caption":"Apo\u0161tolsk\u00e1 cirkev Ko\u0161ice"},"image":{"@id":"https:\/\/ackosice.sk\/#\/schema\/logo\/image\/"},"sameAs":["https:\/\/www.facebook.com\/profile.php?id=100068802343798","https:\/\/www.instagram.com\/ackosice","https:\/\/www.youtube.com\/@apostolskacirkevkosice9429?themeRefresh=1"]}]}},"_links":{"self":[{"href":"https:\/\/ackosice.sk\/en\/wp-json\/wp\/v2\/pages\/3923","targetHints":{"allow":["GET"]}}],"collection":[{"href":"https:\/\/ackosice.sk\/en\/wp-json\/wp\/v2\/pages"}],"about":[{"href":"https:\/\/ackosice.sk\/en\/wp-json\/wp\/v2\/types\/page"}],"author":[{"embeddable":true,"href":"https:\/\/ackosice.sk\/en\/wp-json\/wp\/v2\/users\/2"}],"replies":[{"embeddable":true,"href":"https:\/\/ackosice.sk\/en\/wp-json\/wp\/v2\/comments?post=3923"}],"version-history":[{"count":13,"href":"https:\/\/ackosice.sk\/en\/wp-json\/wp\/v2\/pages\/3923\/revisions"}],"predecessor-version":[{"id":3936,"href":"https:\/\/ackosice.sk\/en\/wp-json\/wp\/v2\/pages\/3923\/revisions\/3936"}],"wp:attachment":[{"href":"https:\/\/ackosice.sk\/en\/wp-json\/wp\/v2\/media?parent=3923"}],"curies":[{"name":"wp","href":"https:\/\/api.w.org\/{rel}","templated":true}]}}