{"id":817,"date":"2023-09-12T11:02:00","date_gmt":"2023-09-12T09:02:00","guid":{"rendered":"https:\/\/ackosice.picassus.sk\/?page_id=817"},"modified":"2023-09-12T14:54:52","modified_gmt":"2023-09-12T12:54:52","slug":"podcasty-pastora-mira-totha","status":"publish","type":"page","link":"https:\/\/ackosice.sk\/en\/podcasty-pastora-mira-totha\/","title":{"rendered":"Podcasty pastora Mira T\u00f3tha"},"content":{"rendered":"<div data-elementor-type=\"wp-page\" data-elementor-id=\"817\" class=\"elementor elementor-817\">\n\t\t\t\t\t\t\t\t\t<section class=\"elementor-section elementor-top-section elementor-element elementor-element-1ee6183 elementor-section-height-min-height elementor-section-boxed elementor-section-height-default elementor-section-items-middle\" data-id=\"1ee6183\" data-element_type=\"section\" data-settings=\"{&quot;background_background&quot;:&quot;classic&quot;}\">\n\t\t\t\t\t\t\t<div class=\"elementor-background-overlay\"><\/div>\n\t\t\t\t\t\t\t<div class=\"elementor-container elementor-column-gap-default\">\n\t\t\t\t\t<div class=\"elementor-column elementor-col-100 elementor-top-column elementor-element elementor-element-84e55dd\" data-id=\"84e55dd\" data-element_type=\"column\">\n\t\t\t<div class=\"elementor-widget-wrap elementor-element-populated\">\n\t\t\t\t\t\t\t\t<div class=\"elementor-element elementor-element-3ef6634 elementor-widget elementor-widget-spacer\" data-id=\"3ef6634\" data-element_type=\"widget\" data-widget_type=\"spacer.default\">\n\t\t\t\t<div class=\"elementor-widget-container\">\n\t\t\t<style>\/*! elementor - v3.17.0 - 01-11-2023 *\/\n.elementor-column .elementor-spacer-inner{height:var(--spacer-size)}.e-con{--container-widget-width:100%}.e-con-inner>.elementor-widget-spacer,.e-con>.elementor-widget-spacer{width:var(--container-widget-width,var(--spacer-size));--align-self:var(--container-widget-align-self,initial);--flex-shrink:0}.e-con-inner>.elementor-widget-spacer>.elementor-widget-container,.e-con>.elementor-widget-spacer>.elementor-widget-container{height:100%;width:100%}.e-con-inner>.elementor-widget-spacer>.elementor-widget-container>.elementor-spacer,.e-con>.elementor-widget-spacer>.elementor-widget-container>.elementor-spacer{height:100%}.e-con-inner>.elementor-widget-spacer>.elementor-widget-container>.elementor-spacer>.elementor-spacer-inner,.e-con>.elementor-widget-spacer>.elementor-widget-container>.elementor-spacer>.elementor-spacer-inner{height:var(--container-widget-height,var(--spacer-size))}.e-con-inner>.elementor-widget-spacer.elementor-widget-empty,.e-con>.elementor-widget-spacer.elementor-widget-empty{position:relative;min-height:22px;min-width:22px}.e-con-inner>.elementor-widget-spacer.elementor-widget-empty .elementor-widget-empty-icon,.e-con>.elementor-widget-spacer.elementor-widget-empty .elementor-widget-empty-icon{position:absolute;top:0;bottom:0;left:0;right:0;margin:auto;padding:0;width:22px;height:22px}<\/style>\t\t<div class=\"elementor-spacer\">\n\t\t\t<div class=\"elementor-spacer-inner\"><\/div>\n\t\t<\/div>\n\t\t\t\t<\/div>\n\t\t\t\t<\/div>\n\t\t\t\t<div class=\"elementor-element elementor-element-d1048ad elementor-widget elementor-widget-spacer\" data-id=\"d1048ad\" data-element_type=\"widget\" data-widget_type=\"spacer.default\">\n\t\t\t\t<div class=\"elementor-widget-container\">\n\t\t\t\t\t<div class=\"elementor-spacer\">\n\t\t\t<div class=\"elementor-spacer-inner\"><\/div>\n\t\t<\/div>\n\t\t\t\t<\/div>\n\t\t\t\t<\/div>\n\t\t\t\t<section class=\"elementor-section elementor-inner-section elementor-element elementor-element-505ad97 elementor-section-boxed elementor-section-height-default elementor-section-height-default\" data-id=\"505ad97\" data-element_type=\"section\">\n\t\t\t\t\t\t<div class=\"elementor-container elementor-column-gap-default\">\n\t\t\t\t\t<div class=\"elementor-column elementor-col-100 elementor-inner-column elementor-element elementor-element-e652a2c\" data-id=\"e652a2c\" data-element_type=\"column\">\n\t\t\t<div class=\"elementor-widget-wrap elementor-element-populated\">\n\t\t\t\t\t\t\t\t<div class=\"elementor-element elementor-element-3dde211 elementor-widget elementor-widget-heading\" data-id=\"3dde211\" data-element_type=\"widget\" data-widget_type=\"heading.default\">\n\t\t\t\t<div class=\"elementor-widget-container\">\n\t\t\t<style>\/*! elementor - v3.17.0 - 01-11-2023 *\/\n.elementor-heading-title{padding:0;margin:0;line-height:1}.elementor-widget-heading .elementor-heading-title[class*=elementor-size-]>a{color:inherit;font-size:inherit;line-height:inherit}.elementor-widget-heading .elementor-heading-title.elementor-size-small{font-size:15px}.elementor-widget-heading .elementor-heading-title.elementor-size-medium{font-size:19px}.elementor-widget-heading .elementor-heading-title.elementor-size-large{font-size:29px}.elementor-widget-heading .elementor-heading-title.elementor-size-xl{font-size:39px}.elementor-widget-heading .elementor-heading-title.elementor-size-xxl{font-size:59px}<\/style><h2 class=\"elementor-heading-title elementor-size-default\">Podcasty pastora Mira T\u00f3tha<\/h2>\t\t<\/div>\n\t\t\t\t<\/div>\n\t\t\t\t<div class=\"elementor-element elementor-element-f79cde5 elementor-widget-divider--view-line elementor-widget elementor-widget-divider\" data-id=\"f79cde5\" data-element_type=\"widget\" data-widget_type=\"divider.default\">\n\t\t\t\t<div class=\"elementor-widget-container\">\n\t\t\t<style>\/*! elementor - v3.17.0 - 01-11-2023 *\/\n.elementor-widget-divider{--divider-border-style:none;--divider-border-width:1px;--divider-color:#0c0d0e;--divider-icon-size:20px;--divider-element-spacing:10px;--divider-pattern-height:24px;--divider-pattern-size:20px;--divider-pattern-url:none;--divider-pattern-repeat:repeat-x}.elementor-widget-divider .elementor-divider{display:flex}.elementor-widget-divider .elementor-divider__text{font-size:15px;line-height:1;max-width:95%}.elementor-widget-divider .elementor-divider__element{margin:0 var(--divider-element-spacing);flex-shrink:0}.elementor-widget-divider .elementor-icon{font-size:var(--divider-icon-size)}.elementor-widget-divider .elementor-divider-separator{display:flex;margin:0;direction:ltr}.elementor-widget-divider--view-line_icon .elementor-divider-separator,.elementor-widget-divider--view-line_text .elementor-divider-separator{align-items:center}.elementor-widget-divider--view-line_icon .elementor-divider-separator:after,.elementor-widget-divider--view-line_icon .elementor-divider-separator:before,.elementor-widget-divider--view-line_text .elementor-divider-separator:after,.elementor-widget-divider--view-line_text .elementor-divider-separator:before{display:block;content:\"\";border-bottom:0;flex-grow:1;border-top:var(--divider-border-width) var(--divider-border-style) var(--divider-color)}.elementor-widget-divider--element-align-left .elementor-divider .elementor-divider-separator>.elementor-divider__svg:first-of-type{flex-grow:0;flex-shrink:100}.elementor-widget-divider--element-align-left .elementor-divider-separator:before{content:none}.elementor-widget-divider--element-align-left .elementor-divider__element{margin-left:0}.elementor-widget-divider--element-align-right .elementor-divider .elementor-divider-separator>.elementor-divider__svg:last-of-type{flex-grow:0;flex-shrink:100}.elementor-widget-divider--element-align-right .elementor-divider-separator:after{content:none}.elementor-widget-divider--element-align-right .elementor-divider__element{margin-right:0}.elementor-widget-divider:not(.elementor-widget-divider--view-line_text):not(.elementor-widget-divider--view-line_icon) .elementor-divider-separator{border-top:var(--divider-border-width) var(--divider-border-style) var(--divider-color)}.elementor-widget-divider--separator-type-pattern{--divider-border-style:none}.elementor-widget-divider--separator-type-pattern.elementor-widget-divider--view-line .elementor-divider-separator,.elementor-widget-divider--separator-type-pattern:not(.elementor-widget-divider--view-line) .elementor-divider-separator:after,.elementor-widget-divider--separator-type-pattern:not(.elementor-widget-divider--view-line) .elementor-divider-separator:before,.elementor-widget-divider--separator-type-pattern:not([class*=elementor-widget-divider--view]) .elementor-divider-separator{width:100%;min-height:var(--divider-pattern-height);-webkit-mask-size:var(--divider-pattern-size) 100%;mask-size:var(--divider-pattern-size) 100%;-webkit-mask-repeat:var(--divider-pattern-repeat);mask-repeat:var(--divider-pattern-repeat);background-color:var(--divider-color);-webkit-mask-image:var(--divider-pattern-url);mask-image:var(--divider-pattern-url)}.elementor-widget-divider--no-spacing{--divider-pattern-size:auto}.elementor-widget-divider--bg-round{--divider-pattern-repeat:round}.rtl .elementor-widget-divider .elementor-divider__text{direction:rtl}.e-con-inner>.elementor-widget-divider,.e-con>.elementor-widget-divider{width:var(--container-widget-width,100%);--flex-grow:var(--container-widget-flex-grow)}<\/style>\t\t<div class=\"elementor-divider\">\n\t\t\t<span class=\"elementor-divider-separator\">\n\t\t\t\t\t\t<\/span>\n\t\t<\/div>\n\t\t\t\t<\/div>\n\t\t\t\t<\/div>\n\t\t\t\t\t<\/div>\n\t\t<\/div>\n\t\t\t\t\t\t\t<\/div>\n\t\t<\/section>\n\t\t\t\t<section class=\"elementor-section elementor-inner-section elementor-element elementor-element-8b66648 elementor-section-boxed elementor-section-height-default elementor-section-height-default\" data-id=\"8b66648\" data-element_type=\"section\">\n\t\t\t\t\t\t<div class=\"elementor-container elementor-column-gap-default\">\n\t\t\t\t\t<div class=\"elementor-column elementor-col-100 elementor-inner-column elementor-element elementor-element-8492e7f\" data-id=\"8492e7f\" data-element_type=\"column\">\n\t\t\t<div class=\"elementor-widget-wrap\">\n\t\t\t\t\t\t\t\t\t<\/div>\n\t\t<\/div>\n\t\t\t\t\t\t\t<\/div>\n\t\t<\/section>\n\t\t\t\t<div class=\"elementor-element elementor-element-c9da2f8 elementor-hidden-tablet elementor-hidden-mobile elementor-widget elementor-widget-spacer\" data-id=\"c9da2f8\" data-element_type=\"widget\" data-widget_type=\"spacer.default\">\n\t\t\t\t<div class=\"elementor-widget-container\">\n\t\t\t\t\t<div class=\"elementor-spacer\">\n\t\t\t<div class=\"elementor-spacer-inner\"><\/div>\n\t\t<\/div>\n\t\t\t\t<\/div>\n\t\t\t\t<\/div>\n\t\t\t\t\t<\/div>\n\t\t<\/div>\n\t\t\t\t\t\t\t<\/div>\n\t\t<\/section>\n\t\t\t\t<section class=\"elementor-section elementor-top-section elementor-element elementor-element-2351c57 elementor-section-boxed elementor-section-height-default elementor-section-height-default\" data-id=\"2351c57\" data-element_type=\"section\">\n\t\t\t\t\t\t<div class=\"elementor-container elementor-column-gap-default\">\n\t\t\t\t\t<div class=\"elementor-column elementor-col-100 elementor-top-column elementor-element elementor-element-6f62c62\" data-id=\"6f62c62\" data-element_type=\"column\">\n\t\t\t<div class=\"elementor-widget-wrap elementor-element-populated\">\n\t\t\t\t\t\t\t\t<div class=\"elementor-element elementor-element-c663cc7 elementor-widget elementor-widget-text-editor\" data-id=\"c663cc7\" data-element_type=\"widget\" data-widget_type=\"text-editor.default\">\n\t\t\t\t<div class=\"elementor-widget-container\">\n\t\t\t<style>\/*! elementor - v3.17.0 - 01-11-2023 *\/\n.elementor-widget-text-editor.elementor-drop-cap-view-stacked .elementor-drop-cap{background-color:#69727d;color:#fff}.elementor-widget-text-editor.elementor-drop-cap-view-framed .elementor-drop-cap{color:#69727d;border:3px solid;background-color:transparent}.elementor-widget-text-editor:not(.elementor-drop-cap-view-default) .elementor-drop-cap{margin-top:8px}.elementor-widget-text-editor:not(.elementor-drop-cap-view-default) .elementor-drop-cap-letter{width:1em;height:1em}.elementor-widget-text-editor .elementor-drop-cap{float:left;text-align:center;line-height:1;font-size:50px}.elementor-widget-text-editor .elementor-drop-cap-letter{display:inline-block}<\/style>\t\t\t\t<iframe loading=\"lazy\" src=\"https:\/\/open.spotify.com\/embed\/show\/5BkETQd7NZbb9xPxacQRxQ?utm_source=generator&amp;theme=0\" width=\"100%\" height=\"232\" frameborder=\"0\" allowfullscreen=\"allowfullscreen\"<\/iframe>\t\t\t\t\t\t<\/div>\n\t\t\t\t<\/div>\n\t\t\t\t\t<\/div>\n\t\t<\/div>\n\t\t\t\t\t\t\t<\/div>\n\t\t<\/section>\n\t\t\t\t\t\t\t<\/div>","protected":false},"excerpt":{"rendered":"<p>Podcasty pastora Mira T\u00f3tha<\/p>","protected":false},"author":2,"featured_media":0,"parent":0,"menu_order":0,"comment_status":"closed","ping_status":"closed","template":"","meta":{"site-sidebar-layout":"no-sidebar","site-content-layout":"page-builder","ast-site-content-layout":"","site-content-style":"default","site-sidebar-style":"default","ast-global-header-display":"","ast-banner-title-visibility":"","ast-main-header-display":"","ast-hfb-above-header-display":"","ast-hfb-below-header-display":"","ast-hfb-mobile-header-display":"","site-post-title":"disabled","ast-breadcrumbs-content":"","ast-featured-img":"disabled","footer-sml-layout":"","theme-transparent-header-meta":"","adv-header-id-meta":"","stick-header-meta":"","header-above-stick-meta":"","header-main-stick-meta":"","header-below-stick-meta":"","astra-migrate-meta-layouts":"","ast-page-background-enabled":"default","ast-page-background-meta":{"desktop":{"background-color":"var(--ast-global-color-4)","background-image":"","background-repeat":"repeat","background-position":"center center","background-size":"auto","background-attachment":"scroll","background-type":"","background-media":"","overlay-type":"","overlay-color":"","overlay-gradient":""},"tablet":{"background-color":"","background-image":"","background-repeat":"repeat","background-position":"center center","background-size":"auto","background-attachment":"scroll","background-type":"","background-media":"","overlay-type":"","overlay-color":"","overlay-gradient":""},"mobile":{"background-color":"","background-image":"","background-repeat":"repeat","background-position":"center center","background-size":"auto","background-attachment":"scroll","background-type":"","background-media":"","overlay-type":"","overlay-color":"","overlay-gradient":""}},"ast-content-background-meta":{"desktop":{"background-color":"var(--ast-global-color-5)","background-image":"","background-repeat":"repeat","background-position":"center center","background-size":"auto","background-attachment":"scroll","background-type":"","background-media":"","overlay-type":"","overlay-color":"","overlay-gradient":""},"tablet":{"background-color":"var(--ast-global-color-5)","background-image":"","background-repeat":"repeat","background-position":"center center","background-size":"auto","background-attachment":"scroll","background-type":"","background-media":"","overlay-type":"","overlay-color":"","overlay-gradient":""},"mobile":{"background-color":"var(--ast-global-color-5)","background-image":"","background-repeat":"repeat","background-position":"center center","background-size":"auto","background-attachment":"scroll","background-type":"","background-media":"","overlay-type":"","overlay-color":"","overlay-gradient":""}},"_themeisle_gutenberg_block_has_review":false,"footnotes":""},"class_list":["post-817","page","type-page","status-publish","hentry"],"yoast_head":"<!-- This site is optimized with the Yoast SEO plugin v21.5 - https:\/\/yoast.com\/wordpress\/plugins\/seo\/ -->\n<title>Podcasty pastora Mira T\u00f3tha - Apo\u0161tolsk\u00e1 cirkev Ko\u0161ice<\/title>\n<meta name=\"robots\" content=\"index, follow, max-snippet:-1, max-image-preview:large, max-video-preview:-1\" \/>\n<link rel=\"canonical\" href=\"https:\/\/ackosice.sk\/en\/podcasty-pastora-mira-totha\/\" \/>\n<meta property=\"og:locale\" content=\"en_US\" \/>\n<meta property=\"og:type\" content=\"article\" \/>\n<meta property=\"og:title\" content=\"Podcasty pastora Mira T\u00f3tha - Apo\u0161tolsk\u00e1 cirkev Ko\u0161ice\" \/>\n<meta property=\"og:description\" content=\"Podcasty pastora Mira T\u00f3tha\" \/>\n<meta property=\"og:url\" content=\"https:\/\/ackosice.sk\/en\/podcasty-pastora-mira-totha\/\" \/>\n<meta property=\"og:site_name\" content=\"Apo\u0161tolsk\u00e1 cirkev Ko\u0161ice\" \/>\n<meta property=\"article:publisher\" content=\"https:\/\/www.facebook.com\/profile.php?id=100068802343798\" \/>\n<meta property=\"article:modified_time\" content=\"2023-09-12T12:54:52+00:00\" \/>\n<meta name=\"twitter:card\" content=\"summary_large_image\" \/>\n<script type=\"application\/ld+json\" class=\"yoast-schema-graph\">{\"@context\":\"https:\/\/schema.org\",\"@graph\":[{\"@type\":\"WebPage\",\"@id\":\"https:\/\/ackosice.sk\/podcasty-pastora-mira-totha\/\",\"url\":\"https:\/\/ackosice.sk\/podcasty-pastora-mira-totha\/\",\"name\":\"Podcasty pastora Mira T\u00f3tha - Apo\u0161tolsk\u00e1 cirkev Ko\u0161ice\",\"isPartOf\":{\"@id\":\"https:\/\/ackosice.sk\/#website\"},\"datePublished\":\"2023-09-12T09:02:00+00:00\",\"dateModified\":\"2023-09-12T12:54:52+00:00\",\"breadcrumb\":{\"@id\":\"https:\/\/ackosice.sk\/podcasty-pastora-mira-totha\/#breadcrumb\"},\"inLanguage\":\"en-US\",\"potentialAction\":[{\"@type\":\"ReadAction\",\"target\":[\"https:\/\/ackosice.sk\/podcasty-pastora-mira-totha\/\"]}]},{\"@type\":\"BreadcrumbList\",\"@id\":\"https:\/\/ackosice.sk\/podcasty-pastora-mira-totha\/#breadcrumb\",\"itemListElement\":[{\"@type\":\"ListItem\",\"position\":1,\"name\":\"Home\",\"item\":\"https:\/\/ackosice.sk\/\"},{\"@type\":\"ListItem\",\"position\":2,\"name\":\"Podcasty pastora Mira T\u00f3tha\"}]},{\"@type\":\"WebSite\",\"@id\":\"https:\/\/ackosice.sk\/#website\",\"url\":\"https:\/\/ackosice.sk\/\",\"name\":\"Apo\u0161tolsk\u00e1 cirkev Ko\u0161ice\",\"description\":\"Milujeme Boha, milujeme \u013eud\u00ed a milujeme \u017eivot.\",\"publisher\":{\"@id\":\"https:\/\/ackosice.sk\/#organization\"},\"potentialAction\":[{\"@type\":\"SearchAction\",\"target\":{\"@type\":\"EntryPoint\",\"urlTemplate\":\"https:\/\/ackosice.sk\/?s={search_term_string}\"},\"query-input\":\"required name=search_term_string\"}],\"inLanguage\":\"en-US\"},{\"@type\":\"Organization\",\"@id\":\"https:\/\/ackosice.sk\/#organization\",\"name\":\"Apo\u0161tolsk\u00e1 cirkev Ko\u0161ice\",\"url\":\"https:\/\/ackosice.sk\/\",\"logo\":{\"@type\":\"ImageObject\",\"inLanguage\":\"en-US\",\"@id\":\"https:\/\/ackosice.sk\/#\/schema\/logo\/image\/\",\"url\":\"https:\/\/ackosice.sk\/wp-content\/uploads\/2023\/09\/cropped-nove-logo-FIN-biele.png\",\"contentUrl\":\"https:\/\/ackosice.sk\/wp-content\/uploads\/2023\/09\/cropped-nove-logo-FIN-biele.png\",\"width\":500,\"height\":166,\"caption\":\"Apo\u0161tolsk\u00e1 cirkev Ko\u0161ice\"},\"image\":{\"@id\":\"https:\/\/ackosice.sk\/#\/schema\/logo\/image\/\"},\"sameAs\":[\"https:\/\/www.facebook.com\/profile.php?id=100068802343798\",\"https:\/\/www.instagram.com\/ackosice\",\"https:\/\/www.youtube.com\/@apostolskacirkevkosice9429?themeRefresh=1\"]}]}<\/script>\n<!-- \/ Yoast SEO plugin. -->","yoast_head_json":{"title":"Podcasty pastora Mira T\u00f3tha - Apo\u0161tolsk\u00e1 cirkev Ko\u0161ice","robots":{"index":"index","follow":"follow","max-snippet":"max-snippet:-1","max-image-preview":"max-image-preview:large","max-video-preview":"max-video-preview:-1"},"canonical":"https:\/\/ackosice.sk\/en\/podcasty-pastora-mira-totha\/","og_locale":"en_US","og_type":"article","og_title":"Podcasty pastora Mira T\u00f3tha - Apo\u0161tolsk\u00e1 cirkev Ko\u0161ice","og_description":"Podcasty pastora Mira T\u00f3tha","og_url":"https:\/\/ackosice.sk\/en\/podcasty-pastora-mira-totha\/","og_site_name":"Apo\u0161tolsk\u00e1 cirkev Ko\u0161ice","article_publisher":"https:\/\/www.facebook.com\/profile.php?id=100068802343798","article_modified_time":"2023-09-12T12:54:52+00:00","twitter_card":"summary_large_image","schema":{"@context":"https:\/\/schema.org","@graph":[{"@type":"WebPage","@id":"https:\/\/ackosice.sk\/podcasty-pastora-mira-totha\/","url":"https:\/\/ackosice.sk\/podcasty-pastora-mira-totha\/","name":"Podcasty pastora Mira T\u00f3tha - Apo\u0161tolsk\u00e1 cirkev Ko\u0161ice","isPartOf":{"@id":"https:\/\/ackosice.sk\/#website"},"datePublished":"2023-09-12T09:02:00+00:00","dateModified":"2023-09-12T12:54:52+00:00","breadcrumb":{"@id":"https:\/\/ackosice.sk\/podcasty-pastora-mira-totha\/#breadcrumb"},"inLanguage":"en-US","potentialAction":[{"@type":"ReadAction","target":["https:\/\/ackosice.sk\/podcasty-pastora-mira-totha\/"]}]},{"@type":"BreadcrumbList","@id":"https:\/\/ackosice.sk\/podcasty-pastora-mira-totha\/#breadcrumb","itemListElement":[{"@type":"ListItem","position":1,"name":"Home","item":"https:\/\/ackosice.sk\/"},{"@type":"ListItem","position":2,"name":"Podcasty pastora Mira T\u00f3tha"}]},{"@type":"WebSite","@id":"https:\/\/ackosice.sk\/#website","url":"https:\/\/ackosice.sk\/","name":"Apo\u0161tolsk\u00e1 cirkev Ko\u0161ice","description":"Milujeme Boha, milujeme \u013eud\u00ed a milujeme \u017eivot.","publisher":{"@id":"https:\/\/ackosice.sk\/#organization"},"potentialAction":[{"@type":"SearchAction","target":{"@type":"EntryPoint","urlTemplate":"https:\/\/ackosice.sk\/?s={search_term_string}"},"query-input":"required name=search_term_string"}],"inLanguage":"en-US"},{"@type":"Organization","@id":"https:\/\/ackosice.sk\/#organization","name":"Apo\u0161tolsk\u00e1 cirkev Ko\u0161ice","url":"https:\/\/ackosice.sk\/","logo":{"@type":"ImageObject","inLanguage":"en-US","@id":"https:\/\/ackosice.sk\/#\/schema\/logo\/image\/","url":"https:\/\/ackosice.sk\/wp-content\/uploads\/2023\/09\/cropped-nove-logo-FIN-biele.png","contentUrl":"https:\/\/ackosice.sk\/wp-content\/uploads\/2023\/09\/cropped-nove-logo-FIN-biele.png","width":500,"height":166,"caption":"Apo\u0161tolsk\u00e1 cirkev Ko\u0161ice"},"image":{"@id":"https:\/\/ackosice.sk\/#\/schema\/logo\/image\/"},"sameAs":["https:\/\/www.facebook.com\/profile.php?id=100068802343798","https:\/\/www.instagram.com\/ackosice","https:\/\/www.youtube.com\/@apostolskacirkevkosice9429?themeRefresh=1"]}]}},"_links":{"self":[{"href":"https:\/\/ackosice.sk\/en\/wp-json\/wp\/v2\/pages\/817","targetHints":{"allow":["GET"]}}],"collection":[{"href":"https:\/\/ackosice.sk\/en\/wp-json\/wp\/v2\/pages"}],"about":[{"href":"https:\/\/ackosice.sk\/en\/wp-json\/wp\/v2\/types\/page"}],"author":[{"embeddable":true,"href":"https:\/\/ackosice.sk\/en\/wp-json\/wp\/v2\/users\/2"}],"replies":[{"embeddable":true,"href":"https:\/\/ackosice.sk\/en\/wp-json\/wp\/v2\/comments?post=817"}],"version-history":[{"count":25,"href":"https:\/\/ackosice.sk\/en\/wp-json\/wp\/v2\/pages\/817\/revisions"}],"predecessor-version":[{"id":853,"href":"https:\/\/ackosice.sk\/en\/wp-json\/wp\/v2\/pages\/817\/revisions\/853"}],"wp:attachment":[{"href":"https:\/\/ackosice.sk\/en\/wp-json\/wp\/v2\/media?parent=817"}],"curies":[{"name":"wp","href":"https:\/\/api.w.org\/{rel}","templated":true}]}}